{"id":14,"date":"2021-02-07T13:23:57","date_gmt":"2021-02-07T13:23:57","guid":{"rendered":"https:\/\/www.marlenastilger.com\/?page_id=14"},"modified":"2024-08-01T14:22:53","modified_gmt":"2024-08-01T14:22:53","slug":"kontakt","status":"publish","type":"page","link":"https:\/\/www.marlenastilger.com\/index.php\/kontakt\/","title":{"rendered":"Kontakt"},"content":{"rendered":"\n<h4 class=\"wp-block-heading has-text-align-center\"><br><br><\/h4>\n\n\n\n<h5 class=\"wp-block-heading has-text-align-center\">Je\u017celi interesuje Ci\u0119 sesja biznesowa lub wizerunkowa, ale masz pewne obawy<br>lub w\u0105tpliwo\u015bci, napisz do mnie.<br>Postaram si\u0119 pom\u00f3c najlepiej jak potrafi\u0119.<br><\/h5>\n\n\n\n<h5 class=\"wp-block-heading has-text-align-center\"><br>Opowiem Ci jak wygl\u0105daj\u0105 przygotowania oraz sama sesja.<\/h5>\n\n\n\n<h5 class=\"wp-block-heading has-text-align-center\"><br>Porozmawiamy.<br>Nic nie b\u0119dzie si\u0119 dzia\u0142o wbrew Tobie.<br><\/h5>\n\n\n\n<p><\/p>\n\n\n<div class=\"wp-block-image\">\n<figure class=\"aligncenter size-medium is-resized\"><img loading=\"lazy\" decoding=\"async\" width=\"300\" height=\"169\" src=\"https:\/\/www.marlenastilger.com\/wp-content\/uploads\/2023\/10\/strzalka-1-300x169.jpg\" alt=\"\" class=\"wp-image-1632\" style=\"width:62px;height:35px\" srcset=\"https:\/\/www.marlenastilger.com\/wp-content\/uploads\/2023\/10\/strzalka-1-300x169.jpg 300w, https:\/\/www.marlenastilger.com\/wp-content\/uploads\/2023\/10\/strzalka-1.jpg 400w\" sizes=\"auto, (max-width: 300px) 100vw, 300px\" \/><\/figure>\n<\/div>\n\n\n<h2 class=\"wp-block-heading has-text-align-center\"><br><a href=\"mailto:marlena.stilger@gmail.com\">marlena.stilger@gmail.com<\/a><br><a href=\"https:\/\/maps.app.goo.gl\/WLQPuqY4LPoqtqci9\">\u015al\u0119\u017cna 132, 53-111 Wroc\u0142aw<\/a><\/h2>\n\n\n\n<h5 class=\"wp-block-heading has-text-align-center\">tel. 603 639 111<br><\/h5>\n\n\n\n<p><br><\/p>\n\n\n<div class=\"wp-block-image\">\n<figure class=\"aligncenter size-medium is-resized\"><img loading=\"lazy\" decoding=\"async\" width=\"300\" height=\"169\" src=\"https:\/\/www.marlenastilger.com\/wp-content\/uploads\/2023\/10\/strzalka-1-300x169.jpg\" alt=\"\" class=\"wp-image-1632\" style=\"width:62px;height:35px\" srcset=\"https:\/\/www.marlenastilger.com\/wp-content\/uploads\/2023\/10\/strzalka-1-300x169.jpg 300w, https:\/\/www.marlenastilger.com\/wp-content\/uploads\/2023\/10\/strzalka-1.jpg 400w\" sizes=\"auto, (max-width: 300px) 100vw, 300px\" \/><\/figure>\n<\/div>\n\n\n<p><\/p>\n\n\n<div class=\"wp-block-image is-style-rounded\">\n<figure class=\"aligncenter size-large is-resized\"><img loading=\"lazy\" decoding=\"async\" width=\"1573\" height=\"1573\" src=\"https:\/\/www.marlenastilger.com\/wp-content\/uploads\/2024\/04\/ja-1x1-1-edited.jpg\" alt=\"\" class=\"wp-image-2022\" style=\"aspect-ratio:1;object-fit:cover;width:164px;height:auto\" srcset=\"https:\/\/www.marlenastilger.com\/wp-content\/uploads\/2024\/04\/ja-1x1-1-edited.jpg 1573w, https:\/\/www.marlenastilger.com\/wp-content\/uploads\/2024\/04\/ja-1x1-1-edited-300x300.jpg 300w, https:\/\/www.marlenastilger.com\/wp-content\/uploads\/2024\/04\/ja-1x1-1-edited-1024x1024.jpg 1024w, https:\/\/www.marlenastilger.com\/wp-content\/uploads\/2024\/04\/ja-1x1-1-edited-150x150.jpg 150w, https:\/\/www.marlenastilger.com\/wp-content\/uploads\/2024\/04\/ja-1x1-1-edited-768x768.jpg 768w, https:\/\/www.marlenastilger.com\/wp-content\/uploads\/2024\/04\/ja-1x1-1-edited-1536x1536.jpg 1536w, https:\/\/www.marlenastilger.com\/wp-content\/uploads\/2024\/04\/ja-1x1-1-edited-75x75.jpg 75w\" sizes=\"auto, (max-width: 1573px) 100vw, 1573px\" \/><\/figure>\n<\/div>\n\n\n<p><\/p>\n\n\n\n<h5 class=\"wp-block-heading has-text-align-center\">Mo\u017cemy si\u0119 r\u00f3wnie\u017c spotka\u0107 gdziekolwiek we Wroc\u0142awiu lub online. <\/h5>\n\n\n\n<p><\/p>\n\n\n\n<h4 class=\"wp-block-heading has-text-align-center\"><br><\/h4>\n","protected":false},"excerpt":{"rendered":"<p>Je\u017celi interesuje Ci\u0119 sesja biznesowa lub wizerunkowa, ale masz pewne obawylub w\u0105tpliwo\u015bci, napisz do mnie.Postaram si\u0119 pom\u00f3c najlepiej jak potrafi\u0119. Opowiem Ci jak wygl\u0105daj\u0105 przygotowania&hellip; <\/p>\n","protected":false},"author":1,"featured_media":0,"parent":0,"menu_order":5,"comment_status":"closed","ping_status":"closed","template":"page-templates\/gallery-template.php","meta":{"footnotes":""},"class_list":["post-14","page","type-page","status-publish","hentry"],"_links":{"self":[{"href":"https:\/\/www.marlenastilger.com\/index.php\/wp-json\/wp\/v2\/pages\/14","targetHints":{"allow":["GET"]}}],"collection":[{"href":"https:\/\/www.marlenastilger.com\/index.php\/wp-json\/wp\/v2\/pages"}],"about":[{"href":"https:\/\/www.marlenastilger.com\/index.php\/wp-json\/wp\/v2\/types\/page"}],"author":[{"embeddable":true,"href":"https:\/\/www.marlenastilger.com\/index.php\/wp-json\/wp\/v2\/users\/1"}],"replies":[{"embeddable":true,"href":"https:\/\/www.marlenastilger.com\/index.php\/wp-json\/wp\/v2\/comments?post=14"}],"version-history":[{"count":28,"href":"https:\/\/www.marlenastilger.com\/index.php\/wp-json\/wp\/v2\/pages\/14\/revisions"}],"predecessor-version":[{"id":2030,"href":"https:\/\/www.marlenastilger.com\/index.php\/wp-json\/wp\/v2\/pages\/14\/revisions\/2030"}],"wp:attachment":[{"href":"https:\/\/www.marlenastilger.com\/index.php\/wp-json\/wp\/v2\/media?parent=14"}],"curies":[{"name":"wp","href":"https:\/\/api.w.org\/{rel}","templated":true}]}}